{"id":238,"date":"2017-11-08T12:19:38","date_gmt":"2017-11-08T15:19:38","guid":{"rendered":"http:\/\/www.clippersarg.com.ar\/web\/?page_id=238"},"modified":"2018-04-26T12:53:30","modified_gmt":"2018-04-26T15:53:30","slug":"value-added","status":"publish","type":"page","link":"http:\/\/www.clippersarg.com.ar\/web\/value-added\/","title":{"rendered":"Value Added"},"content":{"rendered":"<p>[et_pb_section bb_built=&#8221;1&#8243; _builder_version=&#8221;3.0.85&#8243; background_image=&#8221;http:\/\/www.clippersarg.com.ar\/web\/wp-content\/uploads\/2017\/11\/value.jpg&#8221; custom_padding=&#8221;15px|0px|16px|0px&#8221; background_position=&#8221;top_center&#8221; next_background_color=&#8221;#ffffff&#8221;][et_pb_row make_fullwidth=&#8221;on&#8221; _builder_version=&#8221;3.0.85&#8243; custom_padding=&#8221;19px|0px|27px|0px&#8221;][et_pb_column type=&#8221;4_4&#8243;][et_pb_post_title meta=&#8221;off&#8221; featured_image=&#8221;off&#8221; _builder_version=&#8221;3.0.85&#8243; parallax=&#8221;on&#8221; text_orientation=&#8221;center&#8221; text_shadow_style=&#8221;preset1&#8243; \/][\/et_pb_column][\/et_pb_row][\/et_pb_section][et_pb_section bb_built=&#8221;1&#8243; fullwidth=&#8221;off&#8221; specialty=&#8221;off&#8221; prev_background_color=&#8221;#000000&#8243;][et_pb_row][et_pb_column type=&#8221;1_2&#8243;][et_pb_text _builder_version=&#8221;3.0.85&#8243; background_layout=&#8221;light&#8221;]<\/p>\n<ul>\n<li>\n<h3>Soluciones de Supply-Chain<\/h3>\n<\/li>\n<\/ul>\n<p>Desde el ingreso de los bienes hasta el embarque del producto terminado al cliente, la cadena de suministro cada una de las empresas est\u00e1 llena de interacciones y de compensaciones entre los niveles de rendimiento y\u00a0 costos.<\/p>\n<p>Por esa raz\u00f3n la optimizaci\u00f3n en las herramientas es esencial para determinar el \u00f3ptimo suministro en la cadena de suministro. \u00bfD\u00f3nde colocar, d\u00f3nde almacenar, que niveles de inventario son requeridos? En Clippers tenemos el software espec\u00edfico para ayudarle a hacer la decisi\u00f3n de negocio correcta.<\/p>\n<p>[\/et_pb_text][\/et_pb_column][et_pb_column type=&#8221;1_2&#8243;][et_pb_gallery _builder_version=&#8221;3.1.1&#8243; show_title_and_caption=&#8221;off&#8221; show_pagination=&#8221;off&#8221; gallery_ids=&#8221;248,371&#8243; fullwidth=&#8221;on&#8221; zoom_icon_color=&#8221;#0596f1&#8243; hover_overlay_color=&#8221;rgba(255,255,255,0.9)&#8221; pagination_font_size_tablet=&#8221;51&#8243; pagination_line_height_tablet=&#8221;2&#8243; auto=&#8221;on&#8221; auto_speed=&#8221;3000&#8243; \/][\/et_pb_column][\/et_pb_row][et_pb_row][et_pb_column type=&#8221;1_2&#8243;][et_pb_gallery _builder_version=&#8221;3.1.1&#8243; show_title_and_caption=&#8221;off&#8221; show_pagination=&#8221;off&#8221; gallery_ids=&#8221;243,244&#8243; fullwidth=&#8221;on&#8221; orientation=&#8221;landscape&#8221; zoom_icon_color=&#8221;#0596f1&#8243; hover_overlay_color=&#8221;rgba(255,255,255,0.9)&#8221; background_layout=&#8221;light&#8221; pagination_font_size_tablet=&#8221;51&#8243; pagination_line_height_tablet=&#8221;2&#8243; auto=&#8221;on&#8221; auto_speed=&#8221;3000&#8243; \/][\/et_pb_column][et_pb_column type=&#8221;1_2&#8243;][et_pb_text _builder_version=&#8221;3.0.85&#8243; background_layout=&#8221;light&#8221;]<\/p>\n<ul>\n<li>Procurement Internacional<\/li>\n<li>Asistencia\/Verificaci\u00f3n emisi\u00f3n\/seguimiento de Cartas de cr\u00e9dito<\/li>\n<li>Colecci\u00f3n documental<\/li>\n<li>Estudios de Mercado y Ventas internacionales<\/li>\n<li>Consultores de Comercio Internacional &#8211; Cooperaci\u00f3n con el Banco Mundial &#8211; Doing Business Program &#8211; Medici\u00f3n de Regulaciones Comerciales<\/li>\n<\/ul>\n<p>[\/et_pb_text][\/et_pb_column][\/et_pb_row][\/et_pb_section]<\/p>\n","protected":false},"excerpt":{"rendered":"<p>[et_pb_section bb_built=&#8221;1&#8243; _builder_version=&#8221;3.0.85&#8243; background_image=&#8221;http:\/\/www.clippersarg.com.ar\/web\/wp-content\/uploads\/2017\/11\/value.jpg&#8221; custom_padding=&#8221;15px|0px|16px|0px&#8221; background_position=&#8221;top_center&#8221; next_background_color=&#8221;#ffffff&#8221;][et_pb_row make_fullwidth=&#8221;on&#8221; _builder_version=&#8221;3.0.85&#8243; custom_padding=&#8221;19px|0px|27px|0px&#8221;][et_pb_column type=&#8221;4_4&#8243;][et_pb_post_title meta=&#8221;off&#8221; featured_image=&#8221;off&#8221; _builder_version=&#8221;3.0.85&#8243; parallax=&#8221;on&#8221; text_orientation=&#8221;center&#8221; text_shadow_style=&#8221;preset1&#8243; \/][\/et_pb_column][\/et_pb_row][\/et_pb_section][et_pb_section bb_built=&#8221;1&#8243; fullwidth=&#8221;off&#8221; specialty=&#8221;off&#8221; prev_background_color=&#8221;#000000&#8243;][et_pb_row][et_pb_column type=&#8221;1_2&#8243;][et_pb_text _builder_version=&#8221;3.0.85&#8243; background_layout=&#8221;light&#8221;] Soluciones de Supply-Chain Desde el ingreso de los bienes hasta el embarque del producto terminado al cliente, la cadena de suministro cada una de las empresas est\u00e1 llena de interacciones [&hellip;]<\/p>\n","protected":false},"author":1,"featured_media":0,"parent":0,"menu_order":0,"comment_status":"closed","ping_status":"closed","template":"","meta":[],"_links":{"self":[{"href":"http:\/\/www.clippersarg.com.ar\/web\/wp-json\/wp\/v2\/pages\/238"}],"collection":[{"href":"http:\/\/www.clippersarg.com.ar\/web\/wp-json\/wp\/v2\/pages"}],"about":[{"href":"http:\/\/www.clippersarg.com.ar\/web\/wp-json\/wp\/v2\/types\/page"}],"author":[{"embeddable":true,"href":"http:\/\/www.clippersarg.com.ar\/web\/wp-json\/wp\/v2\/users\/1"}],"replies":[{"embeddable":true,"href":"http:\/\/www.clippersarg.com.ar\/web\/wp-json\/wp\/v2\/comments?post=238"}],"version-history":[{"count":11,"href":"http:\/\/www.clippersarg.com.ar\/web\/wp-json\/wp\/v2\/pages\/238\/revisions"}],"predecessor-version":[{"id":372,"href":"http:\/\/www.clippersarg.com.ar\/web\/wp-json\/wp\/v2\/pages\/238\/revisions\/372"}],"wp:attachment":[{"href":"http:\/\/www.clippersarg.com.ar\/web\/wp-json\/wp\/v2\/media?parent=238"}],"curies":[{"name":"wp","href":"https:\/\/api.w.org\/{rel}","templated":true}]}}