{"id":194,"date":"2017-11-07T10:36:22","date_gmt":"2017-11-07T13:36:22","guid":{"rendered":"http:\/\/www.clippersarg.com.ar\/web\/?page_id=194"},"modified":"2018-07-02T09:08:49","modified_gmt":"2018-07-02T12:08:49","slug":"servicios","status":"publish","type":"page","link":"http:\/\/www.clippersarg.com.ar\/web\/servicios\/","title":{"rendered":"Servicios"},"content":{"rendered":"<p>[et_pb_section bb_built=&#8221;1&#8243; _builder_version=&#8221;3.1.1&#8243; background_image=&#8221;http:\/\/www.clippersarg.com.ar\/web\/wp-content\/uploads\/2018\/05\/cabezal.jpg&#8221; custom_padding=&#8221;15px|0px|16px|0px&#8221; background_position=&#8221;top_center&#8221; next_background_color=&#8221;#ffffff&#8221;][et_pb_row make_fullwidth=&#8221;on&#8221; _builder_version=&#8221;3.0.85&#8243; custom_padding=&#8221;19px|0px|27px|0px&#8221;][et_pb_column type=&#8221;4_4&#8243;][et_pb_post_title meta=&#8221;off&#8221; featured_image=&#8221;off&#8221; _builder_version=&#8221;3.0.85&#8243; parallax=&#8221;on&#8221; text_orientation=&#8221;center&#8221; text_shadow_style=&#8221;preset1&#8243; \/][\/et_pb_column][\/et_pb_row][\/et_pb_section][et_pb_section bb_built=&#8221;1&#8243; fullwidth=&#8221;off&#8221; specialty=&#8221;off&#8221; prev_background_color=&#8221;#000000&#8243; next_background_color=&#8221;#000000&#8243;][et_pb_row][et_pb_column type=&#8221;1_2&#8243;][et_pb_text _builder_version=&#8221;3.0.85&#8243; background_layout=&#8221;light&#8221;]<\/p>\n<h3>Cargas Mar\u00edtimas<\/h3>\n<p>Asistencia en la selecci\u00f3n del servicio mar\u00edtimo que m\u00e1s se adec\u00faa a las necesidades del cliente.<\/p>\n<ul>\n<li>Operamos con las principales compa\u00f1\u00edas mar\u00edtimas, lo que nos permite atender sus cargas mar\u00edtimas hacia o desde cualquier punto del planeta.<\/li>\n<li>Manejo de embarques consolidados LCL y cargas generales (B\/B)<\/li>\n<li>Coordinaci\u00f3n y embarque de cargas especiales y de proyecto.<\/li>\n<li>Operaci\u00f3n de charteo de buques para grandes vol\u00famenes de carga.<\/li>\n<li>Atenci\u00f3n de cargas l\u00edquidas en equipos especiales &#8211; Flexi tanks e Iso tanks.<\/li>\n<li>Atenci\u00f3n de cargas refrigeradas en bodega y contenedores.<\/li>\n<li>Servicios de peritaje y control de cargas.<\/li>\n<\/ul>\n<p>[\/et_pb_text][\/et_pb_column][et_pb_column type=&#8221;1_2&#8243;][et_pb_gallery _builder_version=&#8221;3.1.1&#8243; show_title_and_caption=&#8221;off&#8221; show_pagination=&#8221;off&#8221; gallery_ids=&#8221;205,202,442&#8243; fullwidth=&#8221;on&#8221; zoom_icon_color=&#8221;#0596f1&#8243; hover_overlay_color=&#8221;rgba(255,255,255,0.9)&#8221; pagination_font_size_tablet=&#8221;51&#8243; pagination_line_height_tablet=&#8221;2&#8243; auto=&#8221;on&#8221; auto_speed=&#8221;2000&#8243; \/][\/et_pb_column][\/et_pb_row][\/et_pb_section][et_pb_section bb_built=&#8221;1&#8243; fullwidth=&#8221;off&#8221; specialty=&#8221;off&#8221; prev_background_color=&#8221;#000000&#8243; next_background_color=&#8221;#000000&#8243;][et_pb_row][et_pb_column type=&#8221;1_2&#8243;][et_pb_gallery _builder_version=&#8221;3.1.1&#8243; show_title_and_caption=&#8221;off&#8221; show_pagination=&#8221;off&#8221; gallery_ids=&#8221;207,208,367,209&#8243; fullwidth=&#8221;on&#8221; zoom_icon_color=&#8221;#0596f1&#8243; hover_overlay_color=&#8221;rgba(255,255,255,0.9)&#8221; pagination_font_size_tablet=&#8221;51&#8243; pagination_line_height_tablet=&#8221;2&#8243; auto=&#8221;on&#8221; auto_speed=&#8221;2000&#8243; \/][\/et_pb_column][et_pb_column type=&#8221;1_2&#8243;][et_pb_text _builder_version=&#8221;3.0.85&#8243; background_layout=&#8221;light&#8221;]<\/p>\n<h3>Cargas A\u00e9reas<\/h3>\n<p>Todo tipo de cargas, incluidas las cargas especiales<\/p>\n<ul>\n<li>Agentes IATA<\/li>\n<li>Trabajamos con todas las compa\u00f1\u00edas a\u00e9reas reconocidas del mercado.<\/li>\n<li>Experiencia en el manejo de vuelos charter para cargas de proyectos\u00a0 y de emergencias\u00a0 en la cadena log\u00edstica.<\/li>\n<li>Atenci\u00f3n 24 \/ 7\u00a0 en aeropuerto para cargas especiales.<\/li>\n<li>Tenemos personal entrenado para manejo cargas perecederas.<\/li>\n<\/ul>\n<p>[\/et_pb_text][\/et_pb_column][\/et_pb_row][\/et_pb_section][et_pb_section bb_built=&#8221;1&#8243; fullwidth=&#8221;off&#8221; specialty=&#8221;off&#8221; prev_background_color=&#8221;#000000&#8243; next_background_color=&#8221;#000000&#8243;][et_pb_row][et_pb_column type=&#8221;1_2&#8243;][et_pb_text _builder_version=&#8221;3.0.85&#8243; background_layout=&#8221;light&#8221;]<\/p>\n<h3>Cargas Terrestres<\/h3>\n<ul>\n<li>Servicio de cargas consolidadas LTL.<\/li>\n<li>Servicio de cargas a cami\u00f3n completo FTL.<\/li>\n<li>Retiro &#8211; entrega y distribuci\u00f3n de mercader\u00edas.<\/li>\n<li>Atenci\u00f3n de cargas de proyecto. Diagrama de Rutas.<\/li>\n<li>Carretones especiales.<\/li>\n<li>Carga y descarga de bultos pesados.<\/li>\n<\/ul>\n<p>[\/et_pb_text][\/et_pb_column][et_pb_column type=&#8221;1_2&#8243;][et_pb_gallery _builder_version=&#8221;3.1.1&#8243; show_title_and_caption=&#8221;off&#8221; show_pagination=&#8221;off&#8221; gallery_ids=&#8221;431,213,215,436&#8243; fullwidth=&#8221;on&#8221; zoom_icon_color=&#8221;#0596f1&#8243; hover_overlay_color=&#8221;rgba(255,255,255,0.9)&#8221; pagination_font_size_tablet=&#8221;51&#8243; pagination_line_height_tablet=&#8221;2&#8243; auto=&#8221;on&#8221; auto_speed=&#8221;2000&#8243; \/][\/et_pb_column][\/et_pb_row][\/et_pb_section][et_pb_section bb_built=&#8221;1&#8243; fullwidth=&#8221;off&#8221; specialty=&#8221;off&#8221; prev_background_color=&#8221;#000000&#8243; next_background_color=&#8221;#000000&#8243;][et_pb_row][et_pb_column type=&#8221;1_2&#8243;][et_pb_gallery _builder_version=&#8221;3.1.1&#8243; show_title_and_caption=&#8221;off&#8221; show_pagination=&#8221;off&#8221; gallery_ids=&#8221;222,223,221,369,214,438,439,440&#8243; fullwidth=&#8221;on&#8221; zoom_icon_color=&#8221;#0596f1&#8243; hover_overlay_color=&#8221;rgba(255,255,255,0.9)&#8221; pagination_font_size_tablet=&#8221;51&#8243; pagination_line_height_tablet=&#8221;2&#8243; auto=&#8221;on&#8221; auto_speed=&#8221;2000&#8243; \/][\/et_pb_column][et_pb_column type=&#8221;1_2&#8243;][et_pb_text _builder_version=&#8221;3.1.1&#8243;]<\/p>\n<h3>Cargas de Proyectos<\/h3>\n<ul>\n<li>Clippers Argentina SA tiene una vasta experiencia en embarques de carga de proyecto.<\/li>\n<li>Manejamos todo tipo de equipos y cargas pesadas y sobredimensionada tanto en la importaci\u00f3n como en exportaci\u00f3n desde todos los puertos y aeropuertos de Argentina.<\/li>\n<li>Clippers tiene relaciones comerciales de mucho tiempo con l\u00edneas mar\u00edtimas de Cargas Pesadas (Heavy Lift ships) que nos permite ofrecer servicios a medida de cada embarque con los m\u00e1s altos standards del mercado de Cargas de Proyecto para todos nuestros clientes y socios.<\/li>\n<\/ul>\n<p>[\/et_pb_text][\/et_pb_column][\/et_pb_row][\/et_pb_section][et_pb_section bb_built=&#8221;1&#8243; fullwidth=&#8221;off&#8221; specialty=&#8221;off&#8221; prev_background_color=&#8221;#000000&#8243; next_background_color=&#8221;#000000&#8243;][et_pb_row][et_pb_column type=&#8221;1_2&#8243;][et_pb_text _builder_version=&#8221;3.0.85&#8243; background_layout=&#8221;light&#8221;]<\/p>\n<h3>Tramitaciones Aduaneras<\/h3>\n<ul>\n<li>Profesionales de larga trayectoria en servicios aduaneros.<\/li>\n<li>Atenci\u00f3n de equipos t\u00e9cnicos para clasificaci\u00f3n de mercader\u00edas.<\/li>\n<li>Cobertura en las principales aduanas del pa\u00eds.<\/li>\n<li>Tramitaciones especiales ante la Secretar\u00eda de Comercio, Ministerio de Industria y Ministerio de Miner\u00eda y otros Organismos Oficiales.<\/li>\n<li>Importaci\u00f3n y exportaci\u00f3n de proyectos \u201cPlanta llave en Mano\u201d.<\/li>\n<li>Personal de puerto y aeropuerto dedicado.<\/li>\n<li>Manejo de admisi\u00f3n temporal, cauciones.<\/li>\n<\/ul>\n<p>[\/et_pb_text][\/et_pb_column][et_pb_column type=&#8221;1_2&#8243;][et_pb_image _builder_version=&#8221;3.0.85&#8243; src=&#8221;http:\/\/www.clippersarg.com.ar\/web\/wp-content\/uploads\/2017\/11\/aduana.jpg&#8221; show_in_lightbox=&#8221;off&#8221; url_new_window=&#8221;off&#8221; use_overlay=&#8221;off&#8221; always_center_on_mobile=&#8221;on&#8221; force_fullwidth=&#8221;off&#8221; show_bottom_space=&#8221;on&#8221; \/][\/et_pb_column][\/et_pb_row][\/et_pb_section][et_pb_section bb_built=&#8221;1&#8243; fullwidth=&#8221;off&#8221; specialty=&#8221;off&#8221; prev_background_color=&#8221;#000000&#8243; next_background_color=&#8221;#000000&#8243;][et_pb_row][et_pb_column type=&#8221;1_2&#8243;][et_pb_gallery _builder_version=&#8221;3.0.85&#8243; show_title_and_caption=&#8221;off&#8221; show_pagination=&#8221;off&#8221; gallery_ids=&#8221;227,228,314&#8243; fullwidth=&#8221;on&#8221; orientation=&#8221;landscape&#8221; zoom_icon_color=&#8221;#0596f1&#8243; hover_overlay_color=&#8221;rgba(255,255,255,0.9)&#8221; background_layout=&#8221;light&#8221; pagination_font_size_tablet=&#8221;51&#8243; pagination_line_height_tablet=&#8221;2&#8243; auto=&#8221;on&#8221; auto_speed=&#8221;2000&#8243; \/][\/et_pb_column][et_pb_column type=&#8221;1_2&#8243;][et_pb_text _builder_version=&#8221;3.0.85&#8243; background_layout=&#8221;light&#8221;]<\/p>\n<h3>Almacenajes<\/h3>\n<ul>\n<li>Dep\u00f3sitos nacionales y en Zona Franca.<\/li>\n<li>Servicios de Almacenaje y distribuci\u00f3n.<\/li>\n<li>Pick-Pack \u2013 etiquetado, re-embalado.<\/li>\n<li>Informaci\u00f3n en l\u00ednea de stock y movimientos.<\/li>\n<\/ul>\n<p>[\/et_pb_text][\/et_pb_column][\/et_pb_row][\/et_pb_section][et_pb_section bb_built=&#8221;1&#8243; fullwidth=&#8221;off&#8221; specialty=&#8221;off&#8221; prev_background_color=&#8221;#000000&#8243;][et_pb_row][et_pb_column type=&#8221;1_2&#8243;][et_pb_text _builder_version=&#8221;3.0.85&#8243; background_layout=&#8221;light&#8221;]<\/p>\n<h3>Inspecciones pre-pre\/pos embarque<\/h3>\n<h3>Seguros \/ surveyors \/ peritajes<\/h3>\n<h3>Tramitaciones ante organismos intervinientes<\/h3>\n<p>[\/et_pb_text][\/et_pb_column][et_pb_column type=&#8221;1_2&#8243;][et_pb_gallery _builder_version=&#8221;3.0.85&#8243; show_title_and_caption=&#8221;off&#8221; show_pagination=&#8221;off&#8221; gallery_ids=&#8221;234,235&#8243; fullwidth=&#8221;on&#8221; orientation=&#8221;landscape&#8221; zoom_icon_color=&#8221;#0596f1&#8243; hover_overlay_color=&#8221;rgba(255,255,255,0.9)&#8221; background_layout=&#8221;light&#8221; pagination_font_size_tablet=&#8221;51&#8243; pagination_line_height_tablet=&#8221;2&#8243; auto=&#8221;on&#8221; auto_speed=&#8221;2000&#8243; \/][\/et_pb_column][\/et_pb_row][\/et_pb_section]<\/p>\n","protected":false},"excerpt":{"rendered":"<p>[et_pb_section bb_built=&#8221;1&#8243; _builder_version=&#8221;3.1.1&#8243; background_image=&#8221;http:\/\/www.clippersarg.com.ar\/web\/wp-content\/uploads\/2018\/05\/cabezal.jpg&#8221; custom_padding=&#8221;15px|0px|16px|0px&#8221; background_position=&#8221;top_center&#8221; next_background_color=&#8221;#ffffff&#8221;][et_pb_row make_fullwidth=&#8221;on&#8221; _builder_version=&#8221;3.0.85&#8243; custom_padding=&#8221;19px|0px|27px|0px&#8221;][et_pb_column type=&#8221;4_4&#8243;][et_pb_post_title meta=&#8221;off&#8221; featured_image=&#8221;off&#8221; _builder_version=&#8221;3.0.85&#8243; parallax=&#8221;on&#8221; text_orientation=&#8221;center&#8221; text_shadow_style=&#8221;preset1&#8243; \/][\/et_pb_column][\/et_pb_row][\/et_pb_section][et_pb_section bb_built=&#8221;1&#8243; fullwidth=&#8221;off&#8221; specialty=&#8221;off&#8221; prev_background_color=&#8221;#000000&#8243; next_background_color=&#8221;#000000&#8243;][et_pb_row][et_pb_column type=&#8221;1_2&#8243;][et_pb_text _builder_version=&#8221;3.0.85&#8243; background_layout=&#8221;light&#8221;] Cargas Mar\u00edtimas Asistencia en la selecci\u00f3n del servicio mar\u00edtimo que m\u00e1s se adec\u00faa a las necesidades del cliente. Operamos con las principales compa\u00f1\u00edas mar\u00edtimas, lo que nos permite atender [&hellip;]<\/p>\n","protected":false},"author":1,"featured_media":0,"parent":0,"menu_order":0,"comment_status":"closed","ping_status":"closed","template":"","meta":[],"_links":{"self":[{"href":"http:\/\/www.clippersarg.com.ar\/web\/wp-json\/wp\/v2\/pages\/194"}],"collection":[{"href":"http:\/\/www.clippersarg.com.ar\/web\/wp-json\/wp\/v2\/pages"}],"about":[{"href":"http:\/\/www.clippersarg.com.ar\/web\/wp-json\/wp\/v2\/types\/page"}],"author":[{"embeddable":true,"href":"http:\/\/www.clippersarg.com.ar\/web\/wp-json\/wp\/v2\/users\/1"}],"replies":[{"embeddable":true,"href":"http:\/\/www.clippersarg.com.ar\/web\/wp-json\/wp\/v2\/comments?post=194"}],"version-history":[{"count":41,"href":"http:\/\/www.clippersarg.com.ar\/web\/wp-json\/wp\/v2\/pages\/194\/revisions"}],"predecessor-version":[{"id":443,"href":"http:\/\/www.clippersarg.com.ar\/web\/wp-json\/wp\/v2\/pages\/194\/revisions\/443"}],"wp:attachment":[{"href":"http:\/\/www.clippersarg.com.ar\/web\/wp-json\/wp\/v2\/media?parent=194"}],"curies":[{"name":"wp","href":"https:\/\/api.w.org\/{rel}","templated":true}]}}