{"id":136,"date":"2017-11-06T16:43:53","date_gmt":"2017-11-06T19:43:53","guid":{"rendered":"http:\/\/www.clippersarg.com.ar\/web\/?page_id=136"},"modified":"2018-05-28T11:51:09","modified_gmt":"2018-05-28T14:51:09","slug":"empresa","status":"publish","type":"page","link":"http:\/\/www.clippersarg.com.ar\/web\/empresa\/","title":{"rendered":"Empresa"},"content":{"rendered":"<p>[et_pb_section bb_built=&#8221;1&#8243; _builder_version=&#8221;3.1.1&#8243; background_image=&#8221;http:\/\/www.clippersarg.com.ar\/web\/wp-content\/uploads\/2018\/05\/cabezal.jpg&#8221; background_position=&#8221;top_center&#8221; custom_padding=&#8221;15px|0px|16px|0px&#8221; next_background_color=&#8221;#ffffff&#8221;][et_pb_row make_fullwidth=&#8221;on&#8221; custom_padding=&#8221;19px|0px|27px|0px&#8221; _builder_version=&#8221;3.0.85&#8243;][et_pb_column type=&#8221;4_4&#8243;][et_pb_post_title meta=&#8221;off&#8221; featured_image=&#8221;off&#8221; _builder_version=&#8221;3.0.85&#8243; parallax=&#8221;on&#8221; text_orientation=&#8221;center&#8221; text_shadow_style=&#8221;preset1&#8243;]<br \/>\n[\/et_pb_post_title][\/et_pb_column][\/et_pb_row][\/et_pb_section][et_pb_section bb_built=&#8221;1&#8243; _builder_version=&#8221;3.0.47&#8243; custom_padding=&#8221;29px|0px|19px|0px&#8221; prev_background_color=&#8221;#000000&#8243; next_background_color=&#8221;#000000&#8243;][et_pb_row _builder_version=&#8221;3.0.47&#8243; background_size=&#8221;initial&#8221; background_position=&#8221;top_left&#8221; background_repeat=&#8221;repeat&#8221;][et_pb_column type=&#8221;2_3&#8243;][et_pb_text _builder_version=&#8221;3.0.85&#8243;]<\/p>\n<p>Bienvenidos a\u00a0 CLIPPERS ARGENTINA SA, \u00a0Operador Log\u00edstico Integral \u00a0y Comercio Internacional, empresa joven pero con m\u00e1s de 25 a\u00f1os de antig\u00fcedad en Log\u00edstica y Comercio Internacional integrada por profesionales con vast\u00edsima experiencia\u00a0 en todas las \u00e1reas inherentes.<\/p>\n<p>Clippers es miembro de<strong>\u00a0<\/strong>tres de las m\u00e1s importantes redes de agentes internacionales de log\u00edstica integral y cargas de proyecto\u00a0 con m\u00e1s de 600 oficinas en 140 pa\u00edses del mundo, pudiendo transportar cualquier tipo de mercader\u00eda por cualquier medio de transporte\u00a0 desde\u00a0 y hacia cualquier rinc\u00f3n del planeta.<\/p>\n<p>Los Clippers, barcos de carga de mediados del siglo XIX que gracias a su velocidad de navegaci\u00f3n, cambiaron el paradigma del comercio internacional en estos a\u00f1os. Como su antecesor el velero, Clippers Argentina, r\u00e1pida y flexible, se adapta a las necesidades de los usuarios para asegurar eficacia en las operaciones de comercio internacional.<\/p>\n<p>[\/et_pb_text][\/et_pb_column][et_pb_column type=&#8221;1_3&#8243;][et_pb_image src=&#8221;http:\/\/www.clippersarg.com.ar\/web\/wp-content\/uploads\/2017\/11\/velero_clipper.jpg&#8221; _builder_version=&#8221;3.0.85&#8243;]<br \/>\n[\/et_pb_image][\/et_pb_column][\/et_pb_row][\/et_pb_section][et_pb_section bb_built=&#8221;1&#8243; _builder_version=&#8221;3.0.47&#8243; custom_padding=&#8221;4px|0px|54px|0px&#8221; prev_background_color=&#8221;#000000&#8243;][et_pb_row _builder_version=&#8221;3.0.47&#8243; background_size=&#8221;initial&#8221; background_position=&#8221;top_left&#8221; background_repeat=&#8221;repeat&#8221;][et_pb_column type=&#8221;4_4&#8243;][et_pb_text _builder_version=&#8221;3.0.85&#8243;]<\/p>\n<h3>Las tres velas que nos empujan hacia el futuro son:<\/h3>\n<p>[\/et_pb_text][\/et_pb_column][\/et_pb_row][et_pb_row _builder_version=&#8221;3.0.47&#8243; background_size=&#8221;initial&#8221; background_position=&#8221;top_left&#8221; background_repeat=&#8221;repeat&#8221;][et_pb_column type=&#8221;1_3&#8243;][et_pb_blurb title=&#8221;Confiables&#8221; use_icon=&#8221;on&#8221; font_icon=&#8221;%%169%%&#8221; _builder_version=&#8221;3.0.85&#8243; animation=&#8221;bottom&#8221;]<\/p>\n<p>Brindamos servicios profesionales de primera calidad a nuestros clientes. Nos consideramos un socio estrat\u00e9gico en comercio exterior y no un mero proveedor de servicios.<\/p>\n<p>[\/et_pb_blurb][\/et_pb_column][et_pb_column type=&#8221;1_3&#8243;][et_pb_blurb title=&#8221;Flexibles&#8221; use_icon=&#8221;on&#8221; font_icon=&#8221;%%49%%&#8221; _builder_version=&#8221;3.0.85&#8243; animation=&#8221;bottom&#8221;]<\/p>\n<p>Nos orientamos a resultados concretos, integrales y perdurables adoptando la mejor log\u00edstica a la necesidad del cliente.<\/p>\n<p>[\/et_pb_blurb][\/et_pb_column][et_pb_column type=&#8221;1_3&#8243;][et_pb_blurb title=&#8221;Innovadores&#8221; use_icon=&#8221;on&#8221; font_icon=&#8221;%%101%%&#8221; _builder_version=&#8221;3.0.85&#8243; animation=&#8221;bottom&#8221;]<\/p>\n<p>Nuestra vocaci\u00f3n empresarial es la b\u00fasqueda permanente de soluciones a diferentes complejidades que pueden encontrarse en las operaciones de comercio exterior de bienes, minimizando costos y maximizando los beneficios de las partes involucradas.<\/p>\n<p>[\/et_pb_blurb][\/et_pb_column][\/et_pb_row][et_pb_row _builder_version=&#8221;3.0.47&#8243; background_size=&#8221;initial&#8221; background_position=&#8221;top_left&#8221; background_repeat=&#8221;repeat&#8221;][et_pb_column type=&#8221;4_4&#8243;][et_pb_text _builder_version=&#8221;3.0.85&#8243;]<\/p>\n<p><strong>Cuenta para ello\u00a0 con un<\/strong> equipo que conoce en detalle las particularidades de las operaciones de comercio exterior de importaci\u00f3n de bienes donde las empresas deben extremar las medidas de control en la log\u00edstica integral, para minimizar el impacto de la importaci\u00f3n en su inserci\u00f3n en el mercado.<\/p>\n<p>[\/et_pb_text][\/et_pb_column][\/et_pb_row][\/et_pb_section]<\/p>\n","protected":false},"excerpt":{"rendered":"<p>[et_pb_section bb_built=&#8221;1&#8243; _builder_version=&#8221;3.1.1&#8243; background_image=&#8221;http:\/\/www.clippersarg.com.ar\/web\/wp-content\/uploads\/2018\/05\/cabezal.jpg&#8221; background_position=&#8221;top_center&#8221; custom_padding=&#8221;15px|0px|16px|0px&#8221; next_background_color=&#8221;#ffffff&#8221;][et_pb_row make_fullwidth=&#8221;on&#8221; custom_padding=&#8221;19px|0px|27px|0px&#8221; _builder_version=&#8221;3.0.85&#8243;][et_pb_column type=&#8221;4_4&#8243;][et_pb_post_title meta=&#8221;off&#8221; featured_image=&#8221;off&#8221; _builder_version=&#8221;3.0.85&#8243; parallax=&#8221;on&#8221; text_orientation=&#8221;center&#8221; text_shadow_style=&#8221;preset1&#8243;] [\/et_pb_post_title][\/et_pb_column][\/et_pb_row][\/et_pb_section][et_pb_section bb_built=&#8221;1&#8243; _builder_version=&#8221;3.0.47&#8243; custom_padding=&#8221;29px|0px|19px|0px&#8221; prev_background_color=&#8221;#000000&#8243; next_background_color=&#8221;#000000&#8243;][et_pb_row _builder_version=&#8221;3.0.47&#8243; background_size=&#8221;initial&#8221; background_position=&#8221;top_left&#8221; background_repeat=&#8221;repeat&#8221;][et_pb_column type=&#8221;2_3&#8243;][et_pb_text _builder_version=&#8221;3.0.85&#8243;] Bienvenidos a\u00a0 CLIPPERS ARGENTINA SA, \u00a0Operador Log\u00edstico Integral \u00a0y Comercio Internacional, empresa joven pero con m\u00e1s de 25 a\u00f1os de antig\u00fcedad en Log\u00edstica y Comercio Internacional [&hellip;]<\/p>\n","protected":false},"author":1,"featured_media":0,"parent":0,"menu_order":0,"comment_status":"closed","ping_status":"closed","template":"","meta":[],"_links":{"self":[{"href":"http:\/\/www.clippersarg.com.ar\/web\/wp-json\/wp\/v2\/pages\/136"}],"collection":[{"href":"http:\/\/www.clippersarg.com.ar\/web\/wp-json\/wp\/v2\/pages"}],"about":[{"href":"http:\/\/www.clippersarg.com.ar\/web\/wp-json\/wp\/v2\/types\/page"}],"author":[{"embeddable":true,"href":"http:\/\/www.clippersarg.com.ar\/web\/wp-json\/wp\/v2\/users\/1"}],"replies":[{"embeddable":true,"href":"http:\/\/www.clippersarg.com.ar\/web\/wp-json\/wp\/v2\/comments?post=136"}],"version-history":[{"count":24,"href":"http:\/\/www.clippersarg.com.ar\/web\/wp-json\/wp\/v2\/pages\/136\/revisions"}],"predecessor-version":[{"id":425,"href":"http:\/\/www.clippersarg.com.ar\/web\/wp-json\/wp\/v2\/pages\/136\/revisions\/425"}],"wp:attachment":[{"href":"http:\/\/www.clippersarg.com.ar\/web\/wp-json\/wp\/v2\/media?parent=136"}],"curies":[{"name":"wp","href":"https:\/\/api.w.org\/{rel}","templated":true}]}}