{"id":194,"date":"2017-11-07T10:36:22","date_gmt":"2017-11-07T13:36:22","guid":{"rendered":"http:\/\/www.clippersarg.com.ar\/web\/?page_id=194"},"modified":"2018-09-11T12:33:10","modified_gmt":"2018-09-11T15:33:10","slug":"servicos","status":"publish","type":"page","link":"http:\/\/www.clippersarg.com.ar\/pg\/servicos\/","title":{"rendered":"Servi\u00e7os"},"content":{"rendered":"<p>[et_pb_section fb_built=&#8221;1&#8243; _builder_version=&#8221;3.1.1&#8243; background_image=&#8221;http:\/\/www.clippersarg.com.ar\/web\/wp-content\/uploads\/2018\/05\/cabezal.jpg&#8221; background_position=&#8221;top_center&#8221; custom_padding=&#8221;15px|0px|16px|0px&#8221;][et_pb_row make_fullwidth=&#8221;on&#8221; custom_padding=&#8221;19px|0px|27px|0px&#8221; _builder_version=&#8221;3.0.85&#8243;][et_pb_column type=&#8221;4_4&#8243; _builder_version=&#8221;3.0.47&#8243; parallax=&#8221;off&#8221; parallax_method=&#8221;on&#8221;][et_pb_post_title meta=&#8221;off&#8221; featured_image=&#8221;off&#8221; _builder_version=&#8221;3.0.85&#8243; parallax=&#8221;on&#8221; text_orientation=&#8221;center&#8221; text_shadow_style=&#8221;preset1&#8243;][\/et_pb_post_title][\/et_pb_column][\/et_pb_row][\/et_pb_section][et_pb_section fb_built=&#8221;1&#8243; _builder_version=&#8221;3.0.47&#8243;][et_pb_row _builder_version=&#8221;3.0.47&#8243; background_size=&#8221;initial&#8221; background_position=&#8221;top_left&#8221; background_repeat=&#8221;repeat&#8221;][et_pb_column type=&#8221;1_2&#8243; _builder_version=&#8221;3.0.47&#8243; parallax=&#8221;off&#8221; parallax_method=&#8221;on&#8221;][et_pb_text _builder_version=&#8221;3.1.1&#8243;]<\/p>\n<h3>Frete Mar\u00edtimo<\/h3>\n<p>Assist\u00eancia na sele\u00e7\u00e3o do servi\u00e7o mar\u00edtimo que melhor se adequa \u00e0s necessidades do cliente.<\/p>\n<ul>\n<li>Operamos com as principais empresas mar\u00edtimas, o que nos permite cuidar de suas cargas mar\u00edtimas para ou de qualquer lugar do planeta.<\/li>\n<li>Gerenciamento de embarques consolidados LCL e carga geral (B \/ B).<\/li>\n<li>Coordena\u00e7\u00e3o e embarque de cargas e projetos especiais.<\/li>\n<li>Aluguer de navios para grandes volumes de carga.<\/li>\n<li>Cuidados com cargas l\u00edquidas em equipamentos especiais &#8211; Tanques Flexi e tanques Iso.<\/li>\n<li>Cuidado das cargas refrigeradas no armaz\u00e9m e nos recipientes.<\/li>\n<li>Servi\u00e7os de especializa\u00e7\u00e3o e controle de carga.<\/li>\n<\/ul>\n<p>[\/et_pb_text][\/et_pb_column][et_pb_column type=&#8221;1_2&#8243; _builder_version=&#8221;3.0.47&#8243; parallax=&#8221;off&#8221; parallax_method=&#8221;on&#8221;][et_pb_gallery gallery_ids=&#8221;205,202,442&#8243; fullwidth=&#8221;on&#8221; _builder_version=&#8221;3.1.1&#8243; pagination_font_size_tablet=&#8221;51&#8243; pagination_line_height_tablet=&#8221;2&#8243; auto=&#8221;on&#8221; auto_speed=&#8221;2000&#8243;][\/et_pb_gallery][\/et_pb_column][\/et_pb_row][\/et_pb_section][et_pb_section fb_built=&#8221;1&#8243; _builder_version=&#8221;3.0.47&#8243;][et_pb_row _builder_version=&#8221;3.0.47&#8243; background_size=&#8221;initial&#8221; background_position=&#8221;top_left&#8221; background_repeat=&#8221;repeat&#8221;][et_pb_column type=&#8221;1_2&#8243; _builder_version=&#8221;3.0.47&#8243; parallax=&#8221;off&#8221; parallax_method=&#8221;on&#8221;][et_pb_gallery gallery_ids=&#8221;207,208,367,209&#8243; fullwidth=&#8221;on&#8221; _builder_version=&#8221;3.1.1&#8243; pagination_font_size_tablet=&#8221;51&#8243; pagination_line_height_tablet=&#8221;2&#8243; auto=&#8221;on&#8221; auto_speed=&#8221;2000&#8243;][\/et_pb_gallery][\/et_pb_column][et_pb_column type=&#8221;1_2&#8243; _builder_version=&#8221;3.0.47&#8243; parallax=&#8221;off&#8221; parallax_method=&#8221;on&#8221;][et_pb_text _builder_version=&#8221;3.1.1&#8243;]<\/p>\n<h3>Frete A\u00e9reo<\/h3>\n<p>Todos os tipos de cargas, incluindo cargas especiais<\/p>\n<ul>\n<li>Agentes da IATA<\/li>\n<li>Trabalhamos com todas as companhias a\u00e9reas reconhecidas do mercado.<\/li>\n<li>Experi\u00eancia na gest\u00e3o de v\u00f4os charter para cargas de projetos e emerg\u00eancias na cadeia.<\/li>\n<li>Aten\u00e7\u00e3o 24\/7 no aeroporto para cargas especiais.<\/li>\n<li>Temos pessoal treinado para lidar com cargas perec\u00edveis<\/li>\n<\/ul>\n<p>[\/et_pb_text][\/et_pb_column][\/et_pb_row][\/et_pb_section][et_pb_section fb_built=&#8221;1&#8243; _builder_version=&#8221;3.0.47&#8243;][et_pb_row _builder_version=&#8221;3.0.47&#8243; background_size=&#8221;initial&#8221; background_position=&#8221;top_left&#8221; background_repeat=&#8221;repeat&#8221;][et_pb_column type=&#8221;1_2&#8243; _builder_version=&#8221;3.0.47&#8243; parallax=&#8221;off&#8221; parallax_method=&#8221;on&#8221;][et_pb_text _builder_version=&#8221;3.1.1&#8243;]<\/p>\n<h3>Carregamentos rodoviarios<\/h3>\n<ul>\n<li>LTL Consolidated Loads Service.<\/li>\n<li>Servi\u00e7o de frete para FTL de caminh\u00e3o completo.<\/li>\n<li>Retirada &#8211; entrega e distribui\u00e7\u00e3o de bens.<\/li>\n<li>Aten\u00e7\u00e3o das cargas do projeto. Diagrama de rota.<\/li>\n<li>Cargas especiais \/ cargas indivis\u00edveis<\/li>\n<li>Carregamento e descarregamento de pacotes pesados.<\/li>\n<\/ul>\n<p>[\/et_pb_text][\/et_pb_column][et_pb_column type=&#8221;1_2&#8243; _builder_version=&#8221;3.0.47&#8243; parallax=&#8221;off&#8221; parallax_method=&#8221;on&#8221;][et_pb_gallery gallery_ids=&#8221;431,213,215,436&#8243; fullwidth=&#8221;on&#8221; _builder_version=&#8221;3.1.1&#8243; pagination_font_size_tablet=&#8221;51&#8243; pagination_line_height_tablet=&#8221;2&#8243; auto=&#8221;on&#8221; auto_speed=&#8221;2000&#8243;][\/et_pb_gallery][\/et_pb_column][\/et_pb_row][\/et_pb_section][et_pb_section fb_built=&#8221;1&#8243; _builder_version=&#8221;3.0.47&#8243;][et_pb_row _builder_version=&#8221;3.0.47&#8243; background_size=&#8221;initial&#8221; background_position=&#8221;top_left&#8221; background_repeat=&#8221;repeat&#8221;][et_pb_column type=&#8221;1_2&#8243; _builder_version=&#8221;3.0.47&#8243; parallax=&#8221;off&#8221; parallax_method=&#8221;on&#8221;][et_pb_gallery gallery_ids=&#8221;222,223,221,369,214,438,439,440&#8243; fullwidth=&#8221;on&#8221; _builder_version=&#8221;3.1.1&#8243; pagination_font_size_tablet=&#8221;51&#8243; pagination_line_height_tablet=&#8221;2&#8243; auto=&#8221;on&#8221; auto_speed=&#8221;2000&#8243;][\/et_pb_gallery][\/et_pb_column][et_pb_column type=&#8221;1_2&#8243; _builder_version=&#8221;3.0.47&#8243; parallax=&#8221;off&#8221; parallax_method=&#8221;on&#8221;][et_pb_text _builder_version=&#8221;3.1.1&#8243;]<\/p>\n<h3>Project Cargos<\/h3>\n<ul>\n<li>A Clippers Argentina SA tem uma vasta experi\u00eancia em embarques de carga de projetos.<\/li>\n<li>N\u00f3s lidamos com todos os tipos de equipamentos e cargas pesadas e oversized tanto em importa\u00e7\u00e3o e exporta\u00e7\u00e3o de todos os portos e aeroportos da Argentina.<\/li>\n<li>Clippers tem rela\u00e7\u00f5es comerciais de longa data com linhas de transporte. Navios de eleva\u00e7\u00e3o pesada que nos permitem oferecer servi\u00e7os adaptados a cada embarque com os mais altos padr\u00f5es do mercado de Project Loads para todos os nossos clientes e parceiros.<\/li>\n<\/ul>\n<p>[\/et_pb_text][\/et_pb_column][\/et_pb_row][\/et_pb_section][et_pb_section fb_built=&#8221;1&#8243; _builder_version=&#8221;3.0.47&#8243;][et_pb_row _builder_version=&#8221;3.0.47&#8243; background_size=&#8221;initial&#8221; background_position=&#8221;top_left&#8221; background_repeat=&#8221;repeat&#8221;][et_pb_column type=&#8221;1_2&#8243; _builder_version=&#8221;3.0.47&#8243; parallax=&#8221;off&#8221; parallax_method=&#8221;on&#8221;][et_pb_text _builder_version=&#8221;3.1.1&#8243;]<\/p>\n<h3>Procedimentos Aduaneiros<\/h3>\n<ul>\n<li>Profissionais com longa experi\u00eancia em servi\u00e7os aduaneiros.<\/li>\n<li>Aten\u00e7\u00e3o de equipe de t\u00e9cnicos para classifica\u00e7\u00e3o de mercadorias.<\/li>\n<li>Cobertura nos principais costumes do pa\u00eds.<\/li>\n<li>Procedimentos especiais perante o Minist\u00e9rio do Com\u00e9rcio, Minist\u00e9rio da Ind\u00fastria e Minist\u00e9rio das Minas e outras Organiza\u00e7\u00f5es Oficiais.<\/li>\n<li>Importa\u00e7\u00e3o e exporta\u00e7\u00e3o de projetos &#8220;Turnkey Plant&#8221;.<\/li>\n<li>Equipe portu\u00e1ria e aeroporto dedicado.<\/li>\n<li>Gest\u00e3o de admiss\u00e3o tempor\u00e1ria, t\u00edtulos.<\/li>\n<\/ul>\n<p>[\/et_pb_text][\/et_pb_column][et_pb_column type=&#8221;1_2&#8243; _builder_version=&#8221;3.0.47&#8243; parallax=&#8221;off&#8221; parallax_method=&#8221;on&#8221;][et_pb_image src=&#8221;http:\/\/www.clippersarg.com.ar\/web\/wp-content\/uploads\/2017\/11\/aduana.jpg&#8221; _builder_version=&#8221;3.0.85&#8243;][\/et_pb_image][\/et_pb_column][\/et_pb_row][\/et_pb_section][et_pb_section fb_built=&#8221;1&#8243; _builder_version=&#8221;3.0.47&#8243;][et_pb_row _builder_version=&#8221;3.0.47&#8243; background_size=&#8221;initial&#8221; background_position=&#8221;top_left&#8221; background_repeat=&#8221;repeat&#8221;][et_pb_column type=&#8221;1_2&#8243; _builder_version=&#8221;3.0.47&#8243; parallax=&#8221;off&#8221; parallax_method=&#8221;on&#8221;][et_pb_gallery gallery_ids=&#8221;227,228,314&#8243; fullwidth=&#8221;on&#8221; _builder_version=&#8221;3.0.85&#8243; pagination_font_size_tablet=&#8221;51&#8243; pagination_line_height_tablet=&#8221;2&#8243; auto=&#8221;on&#8221; auto_speed=&#8221;2000&#8243;][\/et_pb_gallery][\/et_pb_column][et_pb_column type=&#8221;1_2&#8243; _builder_version=&#8221;3.0.47&#8243; parallax=&#8221;off&#8221; parallax_method=&#8221;on&#8221;][et_pb_text _builder_version=&#8221;3.1.1&#8243;]<\/p>\n<h3>Armazenamento<\/h3>\n<ul>\n<li>Dep\u00f3sitos para Carga Nacionalizda e na Zona Franca.<\/li>\n<li>Armazenagem e servi\u00e7os de distribui\u00e7\u00e3o.<\/li>\n<li><span>Pick-Pack \u2013 rotulagem, reembalajem<\/span>.<\/li>\n<li>Informa\u00e7\u00e3o online de estoque e movimentos.<\/li>\n<\/ul>\n<p>[\/et_pb_text][\/et_pb_column][\/et_pb_row][\/et_pb_section][et_pb_section fb_built=&#8221;1&#8243; _builder_version=&#8221;3.0.47&#8243;][et_pb_row _builder_version=&#8221;3.0.47&#8243; background_size=&#8221;initial&#8221; background_position=&#8221;top_left&#8221; background_repeat=&#8221;repeat&#8221;][et_pb_column type=&#8221;1_2&#8243; _builder_version=&#8221;3.0.47&#8243; parallax=&#8221;off&#8221; parallax_method=&#8221;on&#8221;][et_pb_text _builder_version=&#8221;3.1.1&#8243;]<\/p>\n<h3>Inspe\u00e7\u00f5es pr\u00e9-pr\u00e9 \/ p\u00f3s<\/h3>\n<h3>Seguros \/ surveyors \/ avalia\u00e7\u00f5es t\u00e9cnicas<\/h3>\n<h3>Procedimentos antes das ag\u00eancias participantes<\/h3>\n<p>Seguro de transporte; A assessoria dos surveyors e a documenta\u00e7\u00e3o respadat\u00f3ria contribuem para que sua valiosa carga seja enviada de acordo com os requisitos de carga.<br \/>\n[\/et_pb_text][\/et_pb_column][et_pb_column type=&#8221;1_2&#8243; _builder_version=&#8221;3.0.47&#8243; parallax=&#8221;off&#8221; parallax_method=&#8221;on&#8221;][et_pb_gallery gallery_ids=&#8221;234,235&#8243; fullwidth=&#8221;on&#8221; _builder_version=&#8221;3.0.85&#8243; pagination_font_size_tablet=&#8221;51&#8243; pagination_line_height_tablet=&#8221;2&#8243; auto=&#8221;on&#8221; auto_speed=&#8221;2000&#8243;][\/et_pb_gallery][\/et_pb_column][\/et_pb_row][\/et_pb_section]<\/p>\n","protected":false},"excerpt":{"rendered":"<p>[et_pb_section fb_built=&#8221;1&#8243; _builder_version=&#8221;3.1.1&#8243; background_image=&#8221;http:\/\/www.clippersarg.com.ar\/web\/wp-content\/uploads\/2018\/05\/cabezal.jpg&#8221; background_position=&#8221;top_center&#8221; custom_padding=&#8221;15px|0px|16px|0px&#8221;][et_pb_row make_fullwidth=&#8221;on&#8221; custom_padding=&#8221;19px|0px|27px|0px&#8221; _builder_version=&#8221;3.0.85&#8243;][et_pb_column type=&#8221;4_4&#8243; _builder_version=&#8221;3.0.47&#8243; parallax=&#8221;off&#8221; parallax_method=&#8221;on&#8221;][et_pb_post_title meta=&#8221;off&#8221; featured_image=&#8221;off&#8221; _builder_version=&#8221;3.0.85&#8243; parallax=&#8221;on&#8221; text_orientation=&#8221;center&#8221; text_shadow_style=&#8221;preset1&#8243;][\/et_pb_post_title][\/et_pb_column][\/et_pb_row][\/et_pb_section][et_pb_section fb_built=&#8221;1&#8243; _builder_version=&#8221;3.0.47&#8243;][et_pb_row _builder_version=&#8221;3.0.47&#8243; background_size=&#8221;initial&#8221; background_position=&#8221;top_left&#8221; background_repeat=&#8221;repeat&#8221;][et_pb_column type=&#8221;1_2&#8243; _builder_version=&#8221;3.0.47&#8243; parallax=&#8221;off&#8221; parallax_method=&#8221;on&#8221;][et_pb_text _builder_version=&#8221;3.1.1&#8243;] Frete Mar\u00edtimo Assist\u00eancia na sele\u00e7\u00e3o do servi\u00e7o mar\u00edtimo que melhor se adequa \u00e0s necessidades do cliente. Operamos com as principais empresas mar\u00edtimas, o que nos [&hellip;]<\/p>\n","protected":false},"author":1,"featured_media":0,"parent":0,"menu_order":0,"comment_status":"closed","ping_status":"closed","template":"","meta":[],"_links":{"self":[{"href":"http:\/\/www.clippersarg.com.ar\/pg\/wp-json\/wp\/v2\/pages\/194"}],"collection":[{"href":"http:\/\/www.clippersarg.com.ar\/pg\/wp-json\/wp\/v2\/pages"}],"about":[{"href":"http:\/\/www.clippersarg.com.ar\/pg\/wp-json\/wp\/v2\/types\/page"}],"author":[{"embeddable":true,"href":"http:\/\/www.clippersarg.com.ar\/pg\/wp-json\/wp\/v2\/users\/1"}],"replies":[{"embeddable":true,"href":"http:\/\/www.clippersarg.com.ar\/pg\/wp-json\/wp\/v2\/comments?post=194"}],"version-history":[{"count":48,"href":"http:\/\/www.clippersarg.com.ar\/pg\/wp-json\/wp\/v2\/pages\/194\/revisions"}],"predecessor-version":[{"id":465,"href":"http:\/\/www.clippersarg.com.ar\/pg\/wp-json\/wp\/v2\/pages\/194\/revisions\/465"}],"wp:attachment":[{"href":"http:\/\/www.clippersarg.com.ar\/pg\/wp-json\/wp\/v2\/media?parent=194"}],"curies":[{"name":"wp","href":"https:\/\/api.w.org\/{rel}","templated":true}]}}