{"id":136,"date":"2017-11-06T16:43:53","date_gmt":"2017-11-06T19:43:53","guid":{"rendered":"http:\/\/www.clippersarg.com.ar\/web\/?page_id=136"},"modified":"2018-08-14T12:56:56","modified_gmt":"2018-08-14T15:56:56","slug":"empresa","status":"publish","type":"page","link":"http:\/\/www.clippersarg.com.ar\/pg\/empresa\/","title":{"rendered":"Empresa"},"content":{"rendered":"<p>[et_pb_section bb_built=&#8221;1&#8243; _builder_version=&#8221;3.1.1&#8243; background_image=&#8221;http:\/\/www.clippersarg.com.ar\/web\/wp-content\/uploads\/2018\/05\/cabezal.jpg&#8221; background_position=&#8221;top_center&#8221; custom_padding=&#8221;15px|0px|16px|0px&#8221; next_background_color=&#8221;#ffffff&#8221;][et_pb_row make_fullwidth=&#8221;on&#8221; custom_padding=&#8221;19px|0px|27px|0px&#8221; _builder_version=&#8221;3.0.85&#8243;][et_pb_column type=&#8221;4_4&#8243;][et_pb_post_title meta=&#8221;off&#8221; featured_image=&#8221;off&#8221; _builder_version=&#8221;3.0.85&#8243; parallax=&#8221;on&#8221; text_orientation=&#8221;center&#8221; text_shadow_style=&#8221;preset1&#8243;]<\/p>\n<p>&nbsp;<\/p>\n<p>[\/et_pb_post_title][\/et_pb_column][\/et_pb_row][\/et_pb_section][et_pb_section bb_built=&#8221;1&#8243; _builder_version=&#8221;3.0.47&#8243; custom_padding=&#8221;29px|0px|19px|0px&#8221; prev_background_color=&#8221;#000000&#8243; next_background_color=&#8221;#000000&#8243;][et_pb_row _builder_version=&#8221;3.0.47&#8243; background_size=&#8221;initial&#8221; background_position=&#8221;top_left&#8221; background_repeat=&#8221;repeat&#8221;][et_pb_column type=&#8221;2_3&#8243;][et_pb_text _builder_version=&#8221;3.1.1&#8243;]<\/p>\n<p>Bem-vindo \u00e0 CLIPPERS ARGENTINA SA, Operadora Integral de Log\u00edstica e Com\u00e9rcio Internacional, empresa jovem, mas com mais de 25 anos de experi\u00eancia no campo, integrada por profissionais com vasta experi\u00eancia em todas as \u00e1reas inerentes.<\/p>\n<p><strong>A Clippers \u00e9 membro da Argentina da IFLN \u2013 INTERNATIONAL FREIGHT LOGISTICS NETWORK, y IFLN GLOBAL PROJECTS<\/strong>, duas das mais importantes redes de agentes internacionais de log\u00edstica integral e cargas de projetos com mais de 600 escrit\u00f3rios em 140 pa\u00edses do mundo, podendo transportar qualquer tipo de mercadorias por qualquer meio de transporte para e de qualquer canto do planeta.<\/p>\n<p>Os Clippers, navios de carga de meados do s\u00e9culo XIX que, gra\u00e7as \u00e0 sua velocidade de navega\u00e7\u00e3o, mudaram o paradigma do com\u00e9rcio internacional naqueles anos. Como seu antecessor, o veleiro, Clippers Argentina, r\u00e1pido e flex\u00edvel, adapta-se \u00e0s necessidades dos usu\u00e1rios para garantir a efici\u00eancia nas opera\u00e7\u00f5es de com\u00e9rcio internacional.<\/p>\n<p>[\/et_pb_text][\/et_pb_column][et_pb_column type=&#8221;1_3&#8243;][et_pb_image src=&#8221;http:\/\/www.clippersarg.com.ar\/web\/wp-content\/uploads\/2017\/11\/velero_clipper.jpg&#8221; _builder_version=&#8221;3.0.85&#8243;]<\/p>\n<p>&nbsp;<\/p>\n<p>[\/et_pb_image][\/et_pb_column][\/et_pb_row][\/et_pb_section][et_pb_section bb_built=&#8221;1&#8243; _builder_version=&#8221;3.0.47&#8243; custom_padding=&#8221;4px|0px|54px|0px&#8221; prev_background_color=&#8221;#000000&#8243;][et_pb_row _builder_version=&#8221;3.0.47&#8243; background_size=&#8221;initial&#8221; background_position=&#8221;top_left&#8221; background_repeat=&#8221;repeat&#8221;][et_pb_column type=&#8221;4_4&#8243;][et_pb_text _builder_version=&#8221;3.1.1&#8243;]<\/p>\n<h3>As tr\u00eas velas que nos levam para o futuro s\u00e3o:<\/h3>\n<p>[\/et_pb_text][\/et_pb_column][\/et_pb_row][et_pb_row _builder_version=&#8221;3.0.47&#8243; background_size=&#8221;initial&#8221; background_position=&#8221;top_left&#8221; background_repeat=&#8221;repeat&#8221;][et_pb_column type=&#8221;1_3&#8243;][et_pb_blurb title=&#8221;Confi\u00e1vel&#8221; use_icon=&#8221;on&#8221; font_icon=&#8221;%%169%%&#8221; _builder_version=&#8221;3.1.1&#8243; animation=&#8221;bottom&#8221;]<\/p>\n<p>Oferecemos servi\u00e7os profissionais de alta qualidade aos nossos clientes. Consideramos-nos um parceiro estrat\u00e9gico no com\u00e9rcio externo e n\u00e3o um mero fornecedor de servi\u00e7os.<\/p>\n<p>[\/et_pb_blurb][\/et_pb_column][et_pb_column type=&#8221;1_3&#8243;][et_pb_blurb title=&#8221;Flex\u00edvel&#8221; use_icon=&#8221;on&#8221; font_icon=&#8221;%%49%%&#8221; _builder_version=&#8221;3.1.1&#8243; animation=&#8221;bottom&#8221;]<\/p>\n<p>Estamos orientados para resultados concretos, integrais e duradouros, adotando a melhor log\u00edstica para as necessidades do cliente.<\/p>\n<p>[\/et_pb_blurb][\/et_pb_column][et_pb_column type=&#8221;1_3&#8243;][et_pb_blurb title=&#8221;Inovadores&#8221; use_icon=&#8221;on&#8221; font_icon=&#8221;%%101%%&#8221; _builder_version=&#8221;3.1.1&#8243; animation=&#8221;bottom&#8221;]<\/p>\n<p>Nossa voca\u00e7\u00e3o empresarial \u00e9 a busca permanente de solu\u00e7\u00f5es para diferentes complexidades que podem ser encontradas nas opera\u00e7\u00f5es de com\u00e9rcio exterior de mercadorias, minimizando custos e maximizando os benef\u00edcios das partes envolvidas.<\/p>\n<p>[\/et_pb_blurb][\/et_pb_column][\/et_pb_row][et_pb_row _builder_version=&#8221;3.0.47&#8243; background_size=&#8221;initial&#8221; background_position=&#8221;top_left&#8221; background_repeat=&#8221;repeat&#8221;][et_pb_column type=&#8221;4_4&#8243;][et_pb_text _builder_version=&#8221;3.1.1&#8243;]<\/p>\n<p><strong>Conta com uma equipe que conhece detalhadamente as particularidades das<\/strong> opera\u00e7\u00f5es de com\u00e9rcio exterior de importa\u00e7\u00e3o de bens em que as empresas devem exercer medidas de controle na log\u00edstica integral, para minimizar o impacto da importa\u00e7\u00e3o em sua inser\u00e7\u00e3o no mercado.<\/p>\n<p>[\/et_pb_text][\/et_pb_column][\/et_pb_row][\/et_pb_section]<\/p>\n","protected":false},"excerpt":{"rendered":"<p>[et_pb_section bb_built=&#8221;1&#8243; _builder_version=&#8221;3.1.1&#8243; background_image=&#8221;http:\/\/www.clippersarg.com.ar\/web\/wp-content\/uploads\/2018\/05\/cabezal.jpg&#8221; background_position=&#8221;top_center&#8221; custom_padding=&#8221;15px|0px|16px|0px&#8221; next_background_color=&#8221;#ffffff&#8221;][et_pb_row make_fullwidth=&#8221;on&#8221; custom_padding=&#8221;19px|0px|27px|0px&#8221; _builder_version=&#8221;3.0.85&#8243;][et_pb_column type=&#8221;4_4&#8243;][et_pb_post_title meta=&#8221;off&#8221; featured_image=&#8221;off&#8221; _builder_version=&#8221;3.0.85&#8243; parallax=&#8221;on&#8221; text_orientation=&#8221;center&#8221; text_shadow_style=&#8221;preset1&#8243;] &nbsp; [\/et_pb_post_title][\/et_pb_column][\/et_pb_row][\/et_pb_section][et_pb_section bb_built=&#8221;1&#8243; _builder_version=&#8221;3.0.47&#8243; custom_padding=&#8221;29px|0px|19px|0px&#8221; prev_background_color=&#8221;#000000&#8243; next_background_color=&#8221;#000000&#8243;][et_pb_row _builder_version=&#8221;3.0.47&#8243; background_size=&#8221;initial&#8221; background_position=&#8221;top_left&#8221; background_repeat=&#8221;repeat&#8221;][et_pb_column type=&#8221;2_3&#8243;][et_pb_text _builder_version=&#8221;3.1.1&#8243;] Bem-vindo \u00e0 CLIPPERS ARGENTINA SA, Operadora Integral de Log\u00edstica e Com\u00e9rcio Internacional, empresa jovem, mas com mais de 25 anos de experi\u00eancia no campo, integrada [&hellip;]<\/p>\n","protected":false},"author":1,"featured_media":0,"parent":0,"menu_order":0,"comment_status":"closed","ping_status":"closed","template":"","meta":[],"_links":{"self":[{"href":"http:\/\/www.clippersarg.com.ar\/pg\/wp-json\/wp\/v2\/pages\/136"}],"collection":[{"href":"http:\/\/www.clippersarg.com.ar\/pg\/wp-json\/wp\/v2\/pages"}],"about":[{"href":"http:\/\/www.clippersarg.com.ar\/pg\/wp-json\/wp\/v2\/types\/page"}],"author":[{"embeddable":true,"href":"http:\/\/www.clippersarg.com.ar\/pg\/wp-json\/wp\/v2\/users\/1"}],"replies":[{"embeddable":true,"href":"http:\/\/www.clippersarg.com.ar\/pg\/wp-json\/wp\/v2\/comments?post=136"}],"version-history":[{"count":26,"href":"http:\/\/www.clippersarg.com.ar\/pg\/wp-json\/wp\/v2\/pages\/136\/revisions"}],"predecessor-version":[{"id":459,"href":"http:\/\/www.clippersarg.com.ar\/pg\/wp-json\/wp\/v2\/pages\/136\/revisions\/459"}],"wp:attachment":[{"href":"http:\/\/www.clippersarg.com.ar\/pg\/wp-json\/wp\/v2\/media?parent=136"}],"curies":[{"name":"wp","href":"https:\/\/api.w.org\/{rel}","templated":true}]}}