{"id":254,"date":"2017-11-08T12:36:25","date_gmt":"2017-11-08T15:36:25","guid":{"rendered":"http:\/\/www.clippersarg.com.ar\/web\/?page_id=254"},"modified":"2020-09-11T15:55:51","modified_gmt":"2020-09-11T18:55:51","slug":"contact","status":"publish","type":"page","link":"http:\/\/www.clippersarg.com.ar\/en\/contact\/","title":{"rendered":"Contact"},"content":{"rendered":"<p>[et_pb_section bb_built=&#8221;1&#8243; _builder_version=&#8221;3.1.1&#8243; background_image=&#8221;http:\/\/www.clippersarg.com.ar\/web\/wp-content\/uploads\/2018\/05\/cabezal.jpg&#8221; background_position=&#8221;top_center&#8221; custom_padding=&#8221;15px|0px|16px|0px&#8221; next_background_color=&#8221;#ffffff&#8221;][et_pb_row make_fullwidth=&#8221;on&#8221; custom_padding=&#8221;19px|0px|27px|0px&#8221; _builder_version=&#8221;3.0.85&#8243;][et_pb_column type=&#8221;4_4&#8243;][et_pb_post_title meta=&#8221;off&#8221; featured_image=&#8221;off&#8221; _builder_version=&#8221;3.0.85&#8243; parallax=&#8221;on&#8221; text_orientation=&#8221;center&#8221; text_shadow_style=&#8221;preset1&#8243; \/][\/et_pb_column][\/et_pb_row][\/et_pb_section][et_pb_section bb_built=&#8221;1&#8243; _builder_version=&#8221;3.0.47&#8243; prev_background_color=&#8221;#000000&#8243; next_background_color=&#8221;#000000&#8243;][et_pb_row _builder_version=&#8221;3.0.47&#8243; background_size=&#8221;initial&#8221; background_position=&#8221;top_left&#8221; background_repeat=&#8221;repeat&#8221;][et_pb_column type=&#8221;1_2&#8243;][et_pb_text _builder_version=&#8221;3.1.1&#8243;]<\/p>\n<h3 class=\"title\">Clippers Argentina S.A.<\/h3>\n<div class=\"textwidget\">\n<p>Viamonte 920 \u2013 4\u00b0 piso Of \u201cF\u201d<br \/>\nC1053ABT CABA, Argentina<br \/>\nTel \/ Fax +54 11<br \/>\n4393-4122 \/ 4328-7807<\/p>\n<\/div>\n<p>[\/et_pb_text][\/et_pb_column][et_pb_column type=&#8221;1_2&#8243;][et_pb_text _builder_version=&#8221;3.1.1&#8243;]<\/p>\n<h4>Send us a message<\/h4>\n<p>[\/et_pb_text][et_pb_contact_form _builder_version=&#8221;3.1.1&#8243; module_id=&#8221;et_pb_contact_form_0&#8243; email=&#8221;info@clippersarg.com.ar&#8221; custom_message=&#8221;Mensaje recibido desde la Web de Clippers EN||et_pb_line_break_holder||||et_pb_line_break_holder||Nombre y Apellido: %%Name%%||et_pb_line_break_holder||Tel\u00e9fono: %%Phone%%||et_pb_line_break_holder||Email: %%Email%%||et_pb_line_break_holder||Ciudad: %%City%%||et_pb_line_break_holder||||et_pb_line_break_holder||||et_pb_line_break_holder||Mensaje: %%Message%% &#8220;][et_pb_contact_field field_id=&#8221;Name&#8221; field_title=&#8221;Name and Surname&#8221; _builder_version=&#8221;3.1.1&#8243; use_border_color=&#8221;off&#8221; field_type=&#8221;input&#8221; checkbox_checked=&#8221;off&#8221; checkbox_options=&#8221;%91{%22value%22:%22Nombre y Apellido%22,%22checked%22:0}%93&#8243; radio_options=&#8221;%91{%22value%22:%22Nombre y Apellido%22,%22checked%22:0}%93&#8243; select_options=&#8221;%91{%22value%22:%22Nombre y Apellido%22,%22checked%22:0}%93&#8243; min_length=&#8221;0&#8243; max_length=&#8221;0&#8243; allowed_symbols=&#8221;all&#8221; required_mark=&#8221;on&#8221; conditional_logic=&#8221;off&#8221; conditional_logic_relation=&#8221;off&#8221; conditional_logic_rules=&#8221;%91{%22field%22:%22phone%22,%22condition%22:%22is%22,%22value%22:%22%22}%93&#8243; use_background_color_gradient=&#8221;off&#8221; background_color_gradient_start=&#8221;#2b87da&#8221; background_color_gradient_end=&#8221;#29c4a9&#8243; background_color_gradient_type=&#8221;linear&#8221; background_color_gradient_direction=&#8221;180deg&#8221; background_color_gradient_direction_radial=&#8221;center&#8221; background_color_gradient_start_position=&#8221;0%&#8221; background_color_gradient_end_position=&#8221;100%&#8221; background_color_gradient_overlays_image=&#8221;off&#8221; parallax=&#8221;off&#8221; parallax_method=&#8221;on&#8221; background_size=&#8221;cover&#8221; background_position=&#8221;center&#8221; background_repeat=&#8221;no-repeat&#8221; background_blend=&#8221;normal&#8221; allow_player_pause=&#8221;off&#8221; background_video_pause_outside_viewport=&#8221;on&#8221; fullwidth_field=&#8221;off&#8221; form_field_text_shadow_style=&#8221;none&#8221; box_shadow_style=&#8221;none&#8221; \/][et_pb_contact_field field_id=&#8221;Phone&#8221; field_title=&#8221;Phone&#8221; _builder_version=&#8221;3.1.1&#8243; use_border_color=&#8221;off&#8221; field_type=&#8221;input&#8221; checkbox_checked=&#8221;off&#8221; checkbox_options=&#8221;%91{%22value%22:%22Tel\u00e9fono%22,%22checked%22:0}%93&#8243; radio_options=&#8221;%91{%22value%22:%22Tel\u00e9fono%22,%22checked%22:0}%93&#8243; select_options=&#8221;%91{%22value%22:%22Tel\u00e9fono%22,%22checked%22:0}%93&#8243; min_length=&#8221;0&#8243; max_length=&#8221;0&#8243; allowed_symbols=&#8221;all&#8221; required_mark=&#8221;on&#8221; conditional_logic=&#8221;off&#8221; conditional_logic_relation=&#8221;off&#8221; conditional_logic_rules=&#8221;%91{%22field%22:%22name%22,%22condition%22:%22is%22,%22value%22:%22%22}%93&#8243; use_background_color_gradient=&#8221;off&#8221; background_color_gradient_start=&#8221;#2b87da&#8221; background_color_gradient_end=&#8221;#29c4a9&#8243; background_color_gradient_type=&#8221;linear&#8221; background_color_gradient_direction=&#8221;180deg&#8221; background_color_gradient_direction_radial=&#8221;center&#8221; background_color_gradient_start_position=&#8221;0%&#8221; background_color_gradient_end_position=&#8221;100%&#8221; background_color_gradient_overlays_image=&#8221;off&#8221; parallax=&#8221;off&#8221; parallax_method=&#8221;on&#8221; background_size=&#8221;cover&#8221; background_position=&#8221;center&#8221; background_repeat=&#8221;no-repeat&#8221; background_blend=&#8221;normal&#8221; allow_player_pause=&#8221;off&#8221; background_video_pause_outside_viewport=&#8221;on&#8221; fullwidth_field=&#8221;off&#8221; form_field_text_shadow_style=&#8221;none&#8221; box_shadow_style=&#8221;none&#8221; \/][et_pb_contact_field field_id=&#8221;Email&#8221; field_title=&#8221;Email&#8221; field_type=&#8221;email&#8221; _builder_version=&#8221;3.1.1&#8243; form_field_font=&#8221;||||||||&#8221; border_radii=&#8221;on||||&#8221; use_border_color=&#8221;off&#8221; border_style_all=&#8221;solid&#8221; \/][et_pb_contact_field field_id=&#8221;City&#8221; field_title=&#8221;City&#8221; _builder_version=&#8221;3.1.1&#8243; use_border_color=&#8221;off&#8221; field_type=&#8221;input&#8221; checkbox_checked=&#8221;off&#8221; checkbox_options=&#8221;%91{%22value%22:%22Ciudad%22,%22checked%22:0}%93&#8243; radio_options=&#8221;%91{%22value%22:%22Ciudad%22,%22checked%22:0}%93&#8243; select_options=&#8221;%91{%22value%22:%22Ciudad%22,%22checked%22:0}%93&#8243; min_length=&#8221;0&#8243; max_length=&#8221;0&#8243; allowed_symbols=&#8221;all&#8221; required_mark=&#8221;on&#8221; conditional_logic=&#8221;off&#8221; conditional_logic_relation=&#8221;off&#8221; conditional_logic_rules=&#8221;%91{%22field%22:%22name%22,%22condition%22:%22is%22,%22value%22:%22%22}%93&#8243; use_background_color_gradient=&#8221;off&#8221; background_color_gradient_start=&#8221;#2b87da&#8221; background_color_gradient_end=&#8221;#29c4a9&#8243; background_color_gradient_type=&#8221;linear&#8221; background_color_gradient_direction=&#8221;180deg&#8221; background_color_gradient_direction_radial=&#8221;center&#8221; background_color_gradient_start_position=&#8221;0%&#8221; background_color_gradient_end_position=&#8221;100%&#8221; background_color_gradient_overlays_image=&#8221;off&#8221; parallax=&#8221;off&#8221; parallax_method=&#8221;on&#8221; background_size=&#8221;cover&#8221; background_position=&#8221;center&#8221; background_repeat=&#8221;no-repeat&#8221; background_blend=&#8221;normal&#8221; allow_player_pause=&#8221;off&#8221; background_video_pause_outside_viewport=&#8221;on&#8221; fullwidth_field=&#8221;off&#8221; form_field_text_shadow_style=&#8221;none&#8221; box_shadow_style=&#8221;none&#8221; \/][et_pb_contact_field field_id=&#8221;Message&#8221; field_title=&#8221;Message&#8221; field_type=&#8221;text&#8221; fullwidth_field=&#8221;on&#8221; _builder_version=&#8221;3.1.1&#8243; use_border_color=&#8221;off&#8221; checkbox_checked=&#8221;off&#8221; checkbox_options=&#8221;%91{%22value%22:%22Mensaje%22,%22checked%22:0}%93&#8243; radio_options=&#8221;%91{%22value%22:%22Mensaje%22,%22checked%22:0}%93&#8243; select_options=&#8221;%91{%22value%22:%22Mensaje%22,%22checked%22:0}%93&#8243; min_length=&#8221;0&#8243; max_length=&#8221;0&#8243; allowed_symbols=&#8221;all&#8221; required_mark=&#8221;on&#8221; conditional_logic=&#8221;off&#8221; conditional_logic_relation=&#8221;off&#8221; conditional_logic_rules=&#8221;%91{%22field%22:%22name%22,%22condition%22:%22is%22,%22value%22:%22%22}%93&#8243; use_background_color_gradient=&#8221;off&#8221; background_color_gradient_start=&#8221;#2b87da&#8221; background_color_gradient_end=&#8221;#29c4a9&#8243; background_color_gradient_type=&#8221;linear&#8221; background_color_gradient_direction=&#8221;180deg&#8221; background_color_gradient_direction_radial=&#8221;center&#8221; background_color_gradient_start_position=&#8221;0%&#8221; background_color_gradient_end_position=&#8221;100%&#8221; background_color_gradient_overlays_image=&#8221;off&#8221; parallax=&#8221;off&#8221; parallax_method=&#8221;on&#8221; background_size=&#8221;cover&#8221; background_position=&#8221;center&#8221; background_repeat=&#8221;no-repeat&#8221; background_blend=&#8221;normal&#8221; allow_player_pause=&#8221;off&#8221; background_video_pause_outside_viewport=&#8221;on&#8221; form_field_text_shadow_style=&#8221;none&#8221; box_shadow_style=&#8221;none&#8221; \/][\/et_pb_contact_form][\/et_pb_column][\/et_pb_row][\/et_pb_section][et_pb_section bb_built=&#8221;1&#8243; fullwidth=&#8221;on&#8221; _builder_version=&#8221;3.0.47&#8243; prev_background_color=&#8221;#000000&#8243;][et_pb_fullwidth_map address=&#8221;Viamonte 920, C1053ABT CABA, Argentina&#8221; zoom_level=&#8221;15&#8243; address_lat=&#8221;-34.6002493&#8243; address_lng=&#8221;-58.38004820000003&#8243; _builder_version=&#8221;3.0.85&#8243; child_filter_saturate=&#8221;100%&#8221;][et_pb_map_pin title=&#8221;Clippers Argentina&#8221; pin_address=&#8221;Viamonte 920, C1053ABT CABA, Argentina&#8221; pin_address_lat=&#8221;-34.6002493&#8243; pin_address_lng=&#8221;-58.38004820000003&#8243; _builder_version=&#8221;3.0.85&#8243;]Viamonte 920, CABA, Argentina<br \/>\n[\/et_pb_map_pin][\/et_pb_fullwidth_map][\/et_pb_section]<\/p>\n","protected":false},"excerpt":{"rendered":"<p>[et_pb_section bb_built=&#8221;1&#8243; _builder_version=&#8221;3.1.1&#8243; background_image=&#8221;http:\/\/www.clippersarg.com.ar\/web\/wp-content\/uploads\/2018\/05\/cabezal.jpg&#8221; background_position=&#8221;top_center&#8221; custom_padding=&#8221;15px|0px|16px|0px&#8221; next_background_color=&#8221;#ffffff&#8221;][et_pb_row make_fullwidth=&#8221;on&#8221; custom_padding=&#8221;19px|0px|27px|0px&#8221; _builder_version=&#8221;3.0.85&#8243;][et_pb_column type=&#8221;4_4&#8243;][et_pb_post_title meta=&#8221;off&#8221; featured_image=&#8221;off&#8221; _builder_version=&#8221;3.0.85&#8243; parallax=&#8221;on&#8221; text_orientation=&#8221;center&#8221; text_shadow_style=&#8221;preset1&#8243; \/][\/et_pb_column][\/et_pb_row][\/et_pb_section][et_pb_section bb_built=&#8221;1&#8243; _builder_version=&#8221;3.0.47&#8243; prev_background_color=&#8221;#000000&#8243; next_background_color=&#8221;#000000&#8243;][et_pb_row _builder_version=&#8221;3.0.47&#8243; background_size=&#8221;initial&#8221; background_position=&#8221;top_left&#8221; background_repeat=&#8221;repeat&#8221;][et_pb_column type=&#8221;1_2&#8243;][et_pb_text _builder_version=&#8221;3.1.1&#8243;] Clippers Argentina S.A. Viamonte 920 \u2013 4\u00b0 piso Of \u201cF\u201d C1053ABT CABA, Argentina Tel \/ Fax +54 11 4393-4122 \/ 4328-7807 [\/et_pb_text][\/et_pb_column][et_pb_column type=&#8221;1_2&#8243;][et_pb_text _builder_version=&#8221;3.1.1&#8243;] Send us a [&hellip;]<\/p>\n","protected":false},"author":1,"featured_media":0,"parent":0,"menu_order":0,"comment_status":"closed","ping_status":"closed","template":"","meta":[],"_links":{"self":[{"href":"http:\/\/www.clippersarg.com.ar\/en\/wp-json\/wp\/v2\/pages\/254"}],"collection":[{"href":"http:\/\/www.clippersarg.com.ar\/en\/wp-json\/wp\/v2\/pages"}],"about":[{"href":"http:\/\/www.clippersarg.com.ar\/en\/wp-json\/wp\/v2\/types\/page"}],"author":[{"embeddable":true,"href":"http:\/\/www.clippersarg.com.ar\/en\/wp-json\/wp\/v2\/users\/1"}],"replies":[{"embeddable":true,"href":"http:\/\/www.clippersarg.com.ar\/en\/wp-json\/wp\/v2\/comments?post=254"}],"version-history":[{"count":13,"href":"http:\/\/www.clippersarg.com.ar\/en\/wp-json\/wp\/v2\/pages\/254\/revisions"}],"predecessor-version":[{"id":476,"href":"http:\/\/www.clippersarg.com.ar\/en\/wp-json\/wp\/v2\/pages\/254\/revisions\/476"}],"wp:attachment":[{"href":"http:\/\/www.clippersarg.com.ar\/en\/wp-json\/wp\/v2\/media?parent=254"}],"curies":[{"name":"wp","href":"https:\/\/api.w.org\/{rel}","templated":true}]}}